{"id":7,"date":"2017-02-23T15:50:35","date_gmt":"2017-02-23T14:50:35","guid":{"rendered":"http:\/\/www.netintegral.be\/?page_id=7"},"modified":"2020-07-15T20:20:13","modified_gmt":"2020-07-15T18:20:13","slug":"accueil","status":"publish","type":"page","link":"https:\/\/www.interwebe.be\/","title":{"rendered":"Accueil"},"content":{"rendered":"<p>Bienvenue sur notre site\u00a0!<\/p>\n<p><strong>INTERWEBE Computer,<\/strong> votre partenaire informatique depuis 2006 !<\/p>\n<p>Notre objectif est de vous aider pour l&rsquo;achat judicieux de mat\u00e9riel neuf ou lorsque vous rencontrez des probl\u00e8mes avec vos syst\u00e8mes informatiques.<\/p>\n<p>Vous d\u00e9sirez acheter un nouvel ordinateur, un \u00e9cran, une imprimante ou des accessoires ?\u00a0 Nous sommes l\u00e0 pour vous aider ! Install\u00e9 \u00e0 Frameries, INTERWEBE Computer est le sp\u00e9cialiste informatique dans le Hainaut.<\/p>\n<p>Quel que soit votre budget,\u00a0nous vous proposons une s\u00e9lection de mat\u00e9riel neuf issu des plus grandes marques de mat\u00e9riel informatique couvert par une garantie de 2 ans.<\/p>\n<p>Nous d\u00e9pannons principalement dans nos ateliers, mais un d\u00e9pannage \u00e0 domicile est possible.<\/p>\n<p>Nous offrons nos services en informatique pour les particuliers et les professionnels. INTERWEBE Computer est toujours \u00e0 la recherche des nouvelles m\u00e9thodes, solutions et fournitures \u00e0 fin de pr\u00e9server le plus longtemps possible la dur\u00e9e de vie du mat\u00e9riel de nos clients en cas de panne.<\/p>\n<p>Avec nos partenaires, nous pouvons r\u00e9parer ou remplacer la plupart des pi\u00e8ces des ordinateurs : La m\u00e9moire, les disques durs et SSD, la carte m\u00e8re, la carte graphique, etc&#8230; sans oublier la r\u00e9paration du syst\u00e8me d&rsquo;exploitation.<\/p>\n<p>Notre zone d\u2019intervention comprend les communes suivantes : Ath, Bel\u0153il, Bernissart, Binche, Braine-le-Comte, Boussu, Chi\u00e8vres, Colfontaine, Dour, <strong>Frameries<\/strong>, Hensies, Honnelles, Jurbise, Lens, Mons, Quaregnon, Qu\u00e9vy, Qui\u00e9vrain, Saint-Ghislain, Soignies et le nord de la France (Bavay, Feignies, Hautmont, Hon-Hergies, Jeumont, Maubeuge, Louvroil, Taisni\u00e8res-sur-Hon).<\/p>\n<p>N&rsquo;h\u00e9sitez pas, appelez-nous au <strong>+32(0)65.98.15.63<\/strong> pour fixer un rendez-vous !<\/p>\n<p>(Installation, Maintenance, Conseils, Expertises, Vente de mat\u00e9riel, d\u00e9pannage, ordinateur, portable, vente, Mons en Belgique, Hainaut, Frameries en Belgique).<\/p>\n<p><center><span style=\"font-size: 300%;\">+32(0)65.98.15.63<\/span><\/center><\/p>\n","protected":false},"excerpt":{"rendered":"<p>Bienvenue sur notre site\u00a0! INTERWEBE Computer, votre partenaire informatique depuis 2006 ! Notre objectif est de vous aider pour l&rsquo;achat judicieux de mat\u00e9riel neuf ou lorsque vous rencontrez des probl\u00e8mes avec vos syst\u00e8mes informatiques. Vous d\u00e9sirez acheter un nouvel ordinateur, un \u00e9cran, une imprimante ou des accessoires ?\u00a0 Nous sommes l\u00e0 pour vous aider ! &hellip; <\/p>\n<p class=\"link-more\"><a href=\"https:\/\/www.interwebe.be\/\" class=\"more-link\">Continuer la lecture<span class=\"screen-reader-text\"> de &laquo;&nbsp;Accueil&nbsp;&raquo;<\/span><\/a><\/p>\n","protected":false},"author":1,"featured_media":154,"parent":0,"menu_order":0,"comment_status":"closed","ping_status":"closed","template":"","meta":[],"_links":{"self":[{"href":"https:\/\/www.interwebe.be\/index.php?rest_route=\/wp\/v2\/pages\/7"}],"collection":[{"href":"https:\/\/www.interwebe.be\/index.php?rest_route=\/wp\/v2\/pages"}],"about":[{"href":"https:\/\/www.interwebe.be\/index.php?rest_route=\/wp\/v2\/types\/page"}],"author":[{"embeddable":true,"href":"https:\/\/www.interwebe.be\/index.php?rest_route=\/wp\/v2\/users\/1"}],"replies":[{"embeddable":true,"href":"https:\/\/www.interwebe.be\/index.php?rest_route=%2Fwp%2Fv2%2Fcomments&post=7"}],"version-history":[{"count":17,"href":"https:\/\/www.interwebe.be\/index.php?rest_route=\/wp\/v2\/pages\/7\/revisions"}],"predecessor-version":[{"id":237,"href":"https:\/\/www.interwebe.be\/index.php?rest_route=\/wp\/v2\/pages\/7\/revisions\/237"}],"wp:featuredmedia":[{"embeddable":true,"href":"https:\/\/www.interwebe.be\/index.php?rest_route=\/wp\/v2\/media\/154"}],"wp:attachment":[{"href":"https:\/\/www.interwebe.be\/index.php?rest_route=%2Fwp%2Fv2%2Fmedia&parent=7"}],"curies":[{"name":"wp","href":"https:\/\/api.w.org\/{rel}","templated":true}]}}