{"id":108,"date":"2017-03-10T11:57:47","date_gmt":"2017-03-10T10:57:47","guid":{"rendered":"http:\/\/www.netintegral.be\/?page_id=108"},"modified":"2018-10-28T21:58:44","modified_gmt":"2018-10-28T20:58:44","slug":"actualites","status":"publish","type":"page","link":"https:\/\/www.interwebe.be\/?page_id=108","title":{"rendered":"Actualit\u00e9s"},"content":{"rendered":"\nD\u00e9sol\u00e9, il n&rsquo;y a pas d&rsquo;actualit\u00e9s pour le moment.\n\n\n\n<p><\/p>\n","protected":false},"excerpt":{"rendered":"<p>D\u00e9sol\u00e9, il n&rsquo;y a pas d&rsquo;actualit\u00e9s pour le moment.<\/p>\n","protected":false},"author":1,"featured_media":0,"parent":0,"menu_order":0,"comment_status":"closed","ping_status":"closed","template":"","meta":[],"_links":{"self":[{"href":"https:\/\/www.interwebe.be\/index.php?rest_route=\/wp\/v2\/pages\/108"}],"collection":[{"href":"https:\/\/www.interwebe.be\/index.php?rest_route=\/wp\/v2\/pages"}],"about":[{"href":"https:\/\/www.interwebe.be\/index.php?rest_route=\/wp\/v2\/types\/page"}],"author":[{"embeddable":true,"href":"https:\/\/www.interwebe.be\/index.php?rest_route=\/wp\/v2\/users\/1"}],"replies":[{"embeddable":true,"href":"https:\/\/www.interwebe.be\/index.php?rest_route=%2Fwp%2Fv2%2Fcomments&post=108"}],"version-history":[{"count":52,"href":"https:\/\/www.interwebe.be\/index.php?rest_route=\/wp\/v2\/pages\/108\/revisions"}],"predecessor-version":[{"id":231,"href":"https:\/\/www.interwebe.be\/index.php?rest_route=\/wp\/v2\/pages\/108\/revisions\/231"}],"wp:attachment":[{"href":"https:\/\/www.interwebe.be\/index.php?rest_route=%2Fwp%2Fv2%2Fmedia&parent=108"}],"curies":[{"name":"wp","href":"https:\/\/api.w.org\/{rel}","templated":true}]}}